{"id":10,"date":"2017-12-18T06:13:02","date_gmt":"2017-12-18T06:13:02","guid":{"rendered":"https:\/\/demo.themegrill.com\/colormag-dark\/?page_id=10"},"modified":"2023-09-13T20:07:32","modified_gmt":"2023-09-13T20:07:32","slug":"home","status":"publish","type":"page","link":"https:\/\/radiosinfronterasenvivo.com\/web\/","title":{"rendered":"Home"},"content":{"rendered":"\t\t<div data-elementor-type=\"wp-post\" data-elementor-id=\"10\" class=\"elementor elementor-10\">\n\t\t\t\t\t\t<section class=\"elementor-section elementor-top-section elementor-element elementor-element-9abeab7 elementor-section-boxed elementor-section-height-default elementor-section-height-default\" data-id=\"9abeab7\" data-element_type=\"section\">\n\t\t\t\t\t\t<div class=\"elementor-container elementor-column-gap-no\">\n\t\t\t\t\t<div class=\"elementor-column elementor-col-100 elementor-top-column elementor-element elementor-element-3af74bc\" data-id=\"3af74bc\" data-element_type=\"column\">\n\t\t\t<div class=\"elementor-widget-wrap elementor-element-populated\">\n\t\t\t\t\t\t<div class=\"elementor-element elementor-element-430f312 elementor-widget elementor-widget-heading\" data-id=\"430f312\" data-element_type=\"widget\" data-widget_type=\"heading.default\">\n\t\t\t\t<div class=\"elementor-widget-container\">\n\t\t\t\t\t<h2 class=\"elementor-heading-title elementor-size-default\">FRASES MOTIVADORAS<\/h2>\t\t\t\t<\/div>\n\t\t\t\t<\/div>\n\t\t\t\t<div class=\"elementor-element elementor-element-6e70e26 animated-slow elementor-invisible elementor-widget elementor-widget-ColorMag-Posts-Block-2\" data-id=\"6e70e26\" data-element_type=\"widget\" data-settings=\"{&quot;_animation&quot;:&quot;bounceInRight&quot;}\" data-widget_type=\"ColorMag-Posts-Block-2.default\">\n\t\t\t\t<div class=\"elementor-widget-container\">\n\t\t\t\t\t\n\t\t<div class=\"tg-module-block tg-module-wrapper tg-module-block--style-2\">\n\t\t\t\n\t\t\t<div class=\"tg-row\">\n\t\t\t\t\t\t\t<\/div>\n\t\t<\/div>\n\n\t\t\t\t\t\t<\/div>\n\t\t\t\t<\/div>\n\t\t\t\t\t<\/div>\n\t\t<\/div>\n\t\t\t\t\t<\/div>\n\t\t<\/section>\n\t\t\t\t<section class=\"elementor-section elementor-top-section elementor-element elementor-element-fbb57c9 elementor-section-boxed elementor-section-height-default elementor-section-height-default\" data-id=\"fbb57c9\" data-element_type=\"section\">\n\t\t\t\t\t\t<div class=\"elementor-container elementor-column-gap-default\">\n\t\t\t\t\t<div class=\"elementor-column elementor-col-66 elementor-top-column elementor-element elementor-element-26374da\" data-id=\"26374da\" data-element_type=\"column\">\n\t\t\t<div class=\"elementor-widget-wrap elementor-element-populated\">\n\t\t\t\t\t\t<div class=\"elementor-element elementor-element-9cf9aff elementor-widget elementor-widget-heading\" data-id=\"9cf9aff\" data-element_type=\"widget\" data-widget_type=\"heading.default\">\n\t\t\t\t<div class=\"elementor-widget-container\">\n\t\t\t\t\t<h2 class=\"elementor-heading-title elementor-size-default\">PROMESAS DE DIOS<\/h2>\t\t\t\t<\/div>\n\t\t\t\t<\/div>\n\t\t\t\t<div class=\"elementor-element elementor-element-d5f7e9a elementor-widget elementor-widget-ColorMag-Posts-Block-1\" data-id=\"d5f7e9a\" data-element_type=\"widget\" data-widget_type=\"ColorMag-Posts-Block-1.default\">\n\t\t\t\t<div class=\"elementor-widget-container\">\n\t\t\t\t\t\n\t\t<div class=\"tg-module-block tg-module-block--style-1 tg-module-wrapper\">\n\t\t\t\n\t\t\t<div class=\"tg-row\">\n\t\t\t\t\t\t\t\t\t<div class=\"tg-col-control\">\n\t\t\t\t\t\t<div class=\"tg_module_block tg-first-block\">\n\t\t\t\t\t\t\t\t\t\t\t\t\t\t\t\t\t\t\t\t\t\t\t\t\t\t\t\t\t\t\t\t<figure class=\"tg-module-thumb\">\n\t\t\t\t\t\t\t\t\t\t\t\t<a href=\"https:\/\/radiosinfronterasenvivo.com\/web\/index.php\/2023\/10\/03\/ahorrar-tiempo-es-mejor-calidad-de-vida\/\" class=\"tg-thumb-link\">\n\t\t\t<img fetchpriority=\"high\" decoding=\"async\" width=\"350\" height=\"259\" src=\"https:\/\/radiosinfronterasenvivo.com\/web\/wp-content\/uploads\/2020\/08\/bible-png-1.png\" class=\"attachment-colormag-featured-image size-colormag-featured-image wp-post-image\" alt=\"\" srcset=\"https:\/\/radiosinfronterasenvivo.com\/web\/wp-content\/uploads\/2020\/08\/bible-png-1.png 350w, https:\/\/radiosinfronterasenvivo.com\/web\/wp-content\/uploads\/2020\/08\/bible-png-1-300x222.png 300w\" sizes=\"(max-width: 350px) 100vw, 350px\" \/>\t\t<\/a>\n\t\t<div class=\"tg-post-categories\"><a href=\"https:\/\/radiosinfronterasenvivo.com\/web\/index.php\/category\/noticias-de-fe\/\" class=\"tg-post-category\" rel=\"category tag\">NOTICIAS DE FE<\/a>&nbsp;<a href=\"https:\/\/radiosinfronterasenvivo.com\/web\/index.php\/category\/promesas-de-dios\/\" class=\"tg-post-category\" rel=\"category tag\">PROMESAS DE DIOS<\/a>&nbsp;<\/div>\t\t\t\t\t\t\t\t<\/figure>\n\t\t\t\t\t\t\t\t\t\t\t\t\t\t\t\t\t\t\t\t\t\t\t\n\t\t\t\t\t\t\t\t\n\t\t\t\t\t\t\t\t\t\t\t\t\t\t\t\t\t\t\t\t\t\t\t\t\t\t\t\t\t\t\t\t\t\t\t\t\t\t\t\t\t\t<h3 class=\"tg-module-title entry-title\">\n\t\t\t<a href=\"https:\/\/radiosinfronterasenvivo.com\/web\/index.php\/2023\/10\/03\/ahorrar-tiempo-es-mejor-calidad-de-vida\/\">Ahorrar tiempo es mejor calidad de vida &#8230;<\/a>\n\t\t<\/h3>\n\t\t\t\t\t\t\t\t\t\t\n\t\t\t\t\t\t\t\t\n\t\t\t\t\t\t\t\t\t\t\t\t\t\t\t\t\t\t\t\t\t\t\t\t\t\t\t\t\t\t\t\n\t\t\t\t\t\t\t\t\t\t\t\t\t\t\t\t\t\n\t\t<div class=\"tg-module-meta\">\n\t\t\t\n\t\t\t<span class=\"tg-post-date entry-date\">\n\t\t\t\t<a href=\"https:\/\/radiosinfronterasenvivo.com\/web\/index.php\/2023\/10\/03\/ahorrar-tiempo-es-mejor-calidad-de-vida\/\" rel=\"bookmark\"><time class=\"entry-date published\" datetime=\"2023-10-03T15:28:25-03:00\">3 de octubre de 2023<\/time><time class=\"updated\" datetime=\"2023-10-03T15:37:15-03:00\">3 de octubre de 2023<\/time><\/a>\t\t\t<\/span>\n\n\t\t\t<span class=\"tg-post-auther-name author vcard\">\n\t\t\t\t<a class=\"url fn n\" href=\"https:\/\/radiosinfronterasenvivo.com\/web\/index.php\/author\/sergiorrandreassigmail-com\/\">sergiorrandreassi@gmail.com<\/a>\t\t\t<\/span>\n\n\t\t\t\t\t\t\t<span class=\"tg-module-comments\">\n\t\t\t\t\t<a href=\"https:\/\/radiosinfronterasenvivo.com\/web\/index.php\/2023\/10\/03\/ahorrar-tiempo-es-mejor-calidad-de-vida\/#respond\">0<\/a>\t\t\t\t<\/span>\n\t\t\t\t\t<\/div>\n\n\t\t\t\t\t\t\t\t\t\t\n\t\t\t\t\t\t\t\t\t\t\t\t\t\t\t\t\t\t\t\t\t\t\t\t\t\t\t\t\t\t\t\n\t\t\t\t\t\t\t\t\n\t\t\t\t\t\t\t\t\t\t\t\t\t\t\t\t\t<div class=\"tg-expert entry-content\">\n\t\t\t\t\t\t\t\t\t\t<p>33&nbsp;Mas buscad primeramente el reino de Dios y su justicia, y todas estas cosas os ser\u00e1n a\u00f1adidas. Tenemos por h\u00e1bito<\/p>\n\t\t\t\t\t\t\t\t\t<\/div>\n\t\t\t\t\t\t\t\t\t\t\t\t\t\t\t\t\t\t\t\t\t<\/div>\n\t\t\t\t\t<\/div>\n\t\t\t\t\t\t\n\t\t\t\t\t\t\t\t\t<div class=\"tg-col-control tg-two-block\">\n\t\t\t\t\t\n\t\t\t\t\t\t\t\t\t\t\t<div class=\"tg_module_block tg_module_block--list-small\">\n\t\t\t\t\t\t\t\t\t\t\t\t\t\t\t\t\t\t\t\t\t\t\t<figure class=\"tg-module-thumb\">\n\t\t\t\t\t\t\t\t\t\t\t<a href=\"https:\/\/radiosinfronterasenvivo.com\/web\/index.php\/2023\/10\/03\/2-corintios-9-7-9\/\" class=\"tg-thumb-link\">\n\t\t\t<img decoding=\"async\" width=\"130\" height=\"90\" src=\"https:\/\/radiosinfronterasenvivo.com\/web\/wp-content\/uploads\/2023\/10\/dar-130x90.jpg\" class=\"attachment-colormag-featured-post-small size-colormag-featured-post-small wp-post-image\" alt=\"\" \/>\t\t<\/a>\n\t\t\t\t\t\t\t\t\t\t<\/figure>\n\t\t\t\t\t\t\t\t\t\t\t\t\t\n\t\t\t\t\t\t\t<div class=\"tg-module-info\">\n\t\t\t\t\t\t\t\t\t\t<h3 class=\"tg-module-title entry-title\">\n\t\t\t<a href=\"https:\/\/radiosinfronterasenvivo.com\/web\/index.php\/2023\/10\/03\/2-corintios-9-7-9\/\">2 Corintios 9 : 7 &#8211; 9<\/a>\n\t\t<\/h3>\n\t\t\n\t\t<div class=\"tg-module-meta\">\n\t\t\t\n\t\t\t<span class=\"tg-post-date entry-date\">\n\t\t\t\t<a href=\"https:\/\/radiosinfronterasenvivo.com\/web\/index.php\/2023\/10\/03\/2-corintios-9-7-9\/\" rel=\"bookmark\"><time class=\"entry-date published\" datetime=\"2023-10-03T13:53:26-03:00\">3 de octubre de 2023<\/time><time class=\"updated\" datetime=\"2023-12-02T19:59:45-03:00\">2 de diciembre de 2023<\/time><\/a>\t\t\t<\/span>\n\n\t\t\t<span class=\"tg-post-auther-name author vcard\">\n\t\t\t\t<a class=\"url fn n\" href=\"https:\/\/radiosinfronterasenvivo.com\/web\/index.php\/author\/sergiorrandreassigmail-com\/\">sergiorrandreassi@gmail.com<\/a>\t\t\t<\/span>\n\n\t\t\t\t\t\t\t<span class=\"tg-module-comments\">\n\t\t\t\t\t<a href=\"https:\/\/radiosinfronterasenvivo.com\/web\/index.php\/2023\/10\/03\/2-corintios-9-7-9\/#respond\">0<\/a>\t\t\t\t<\/span>\n\t\t\t\t\t<\/div>\n\n\t\t\t\t\t\t\t\t\t<\/div>\n\t\t\t\t\t\t<\/div>\n\t\t\t\t\t\t\t\t\t\t<\/div>\n\t\t\t\t\t\t\t\t<\/div>\n\t\t<\/div>\n\n\t\t\t\t\t\t<\/div>\n\t\t\t\t<\/div>\n\t\t\t\t<div class=\"elementor-element elementor-element-97e2328 elementor-widget elementor-widget-heading\" data-id=\"97e2328\" data-element_type=\"widget\" data-widget_type=\"heading.default\">\n\t\t\t\t<div class=\"elementor-widget-container\">\n\t\t\t\t\t<h2 class=\"elementor-heading-title elementor-size-default\">TESTIMONIOS<\/h2>\t\t\t\t<\/div>\n\t\t\t\t<\/div>\n\t\t\t\t<div class=\"elementor-element elementor-element-22d7229 elementor-widget elementor-widget-ColorMag-Posts-Block-6\" data-id=\"22d7229\" data-element_type=\"widget\" data-widget_type=\"ColorMag-Posts-Block-6.default\">\n\t\t\t\t<div class=\"elementor-widget-container\">\n\t\t\t\t\t\n\t\t<div class=\"tg-module-block tg-module-block--style-6 tg-module-wrapper\">\n\t\t\t\n\t\t\t<div class=\"tg-row\">\n\t\t\t\t\t\t\t<\/div>\n\t\t<\/div>\n\n\t\t\t\t\t\t<\/div>\n\t\t\t\t<\/div>\n\t\t\t\t\t<\/div>\n\t\t<\/div>\n\t\t\t\t<div class=\"elementor-column elementor-col-33 elementor-top-column elementor-element elementor-element-4e2d81d\" data-id=\"4e2d81d\" data-element_type=\"column\">\n\t\t\t<div class=\"elementor-widget-wrap elementor-element-populated\">\n\t\t\t\t\t\t<div class=\"elementor-element elementor-element-4a19a52 elementor-widget elementor-widget-heading\" data-id=\"4a19a52\" data-element_type=\"widget\" data-widget_type=\"heading.default\">\n\t\t\t\t<div class=\"elementor-widget-container\">\n\t\t\t\t\t<h2 class=\"elementor-heading-title elementor-size-default\">CONTACTO CON NOSOTROS<\/h2>\t\t\t\t<\/div>\n\t\t\t\t<\/div>\n\t\t\t\t<div class=\"elementor-element elementor-element-13f3471 elementor-widget elementor-widget-image\" data-id=\"13f3471\" data-element_type=\"widget\" data-widget_type=\"image.default\">\n\t\t\t\t<div class=\"elementor-widget-container\">\n\t\t\t\t\t\t\t\t\t\t\t\t\t\t\t\t<a href=\"https:\/\/wa.me\/5492346507407\" target=\"_blank\" rel=\"nofollow\">\n\t\t\t\t\t\t\t<img decoding=\"async\" width=\"640\" height=\"640\" src=\"https:\/\/radiosinfronterasenvivo.com\/web\/wp-content\/uploads\/2020\/09\/oie_transparent.png\" class=\"attachment-large size-large wp-image-565\" alt=\"\" srcset=\"https:\/\/radiosinfronterasenvivo.com\/web\/wp-content\/uploads\/2020\/09\/oie_transparent.png 640w, https:\/\/radiosinfronterasenvivo.com\/web\/wp-content\/uploads\/2020\/09\/oie_transparent-300x300.png 300w, https:\/\/radiosinfronterasenvivo.com\/web\/wp-content\/uploads\/2020\/09\/oie_transparent-150x150.png 150w\" sizes=\"(max-width: 640px) 100vw, 640px\" \/>\t\t\t\t\t\t\t\t<\/a>\n\t\t\t\t\t\t\t\t\t\t\t\t\t\t\t<\/div>\n\t\t\t\t<\/div>\n\t\t\t\t<section class=\"elementor-section elementor-inner-section elementor-element elementor-element-03ca678 elementor-section-boxed elementor-section-height-default elementor-section-height-default\" data-id=\"03ca678\" data-element_type=\"section\">\n\t\t\t\t\t\t<div class=\"elementor-container elementor-column-gap-default\">\n\t\t\t\t\t<div class=\"elementor-column elementor-col-100 elementor-inner-column elementor-element elementor-element-8c96cb6\" data-id=\"8c96cb6\" data-element_type=\"column\">\n\t\t\t<div class=\"elementor-widget-wrap elementor-element-populated\">\n\t\t\t\t\t\t<div class=\"elementor-element elementor-element-25f089d elementor-widget elementor-widget-heading\" data-id=\"25f089d\" data-element_type=\"widget\" data-widget_type=\"heading.default\">\n\t\t\t\t<div class=\"elementor-widget-container\">\n\t\t\t\t\t<h2 class=\"elementor-heading-title elementor-size-default\">NUESTRAS REDES<\/h2>\t\t\t\t<\/div>\n\t\t\t\t<\/div>\n\t\t\t\t\t<\/div>\n\t\t<\/div>\n\t\t\t\t\t<\/div>\n\t\t<\/section>\n\t\t\t\t<div class=\"elementor-element elementor-element-4c3655b elementor-shape-square elementor-grid-0 e-grid-align-center elementor-widget elementor-widget-social-icons\" data-id=\"4c3655b\" data-element_type=\"widget\" data-widget_type=\"social-icons.default\">\n\t\t\t\t<div class=\"elementor-widget-container\">\n\t\t\t\t\t\t\t<div class=\"elementor-social-icons-wrapper elementor-grid\" role=\"list\">\n\t\t\t\t\t\t\t<span class=\"elementor-grid-item\" role=\"listitem\">\n\t\t\t\t\t<a class=\"elementor-icon elementor-social-icon elementor-social-icon-facebook-f elementor-animation-float elementor-repeater-item-bd9ad2f\" href=\"https:\/\/www.facebook.com\/Sergiorrandreassi\" target=\"_blank\">\n\t\t\t\t\t\t<span class=\"elementor-screen-only\">Facebook-f<\/span>\n\t\t\t\t\t\t<i aria-hidden=\"true\" class=\"fab fa-facebook-f\"><\/i>\t\t\t\t\t<\/a>\n\t\t\t\t<\/span>\n\t\t\t\t\t\t\t<span class=\"elementor-grid-item\" role=\"listitem\">\n\t\t\t\t\t<a class=\"elementor-icon elementor-social-icon elementor-social-icon-twitter elementor-animation-float elementor-repeater-item-efdb18f\" href=\"https:\/\/twitter.com\/1ASinFronteras\" target=\"_blank\">\n\t\t\t\t\t\t<span class=\"elementor-screen-only\">Twitter<\/span>\n\t\t\t\t\t\t<i aria-hidden=\"true\" class=\"fab fa-twitter\"><\/i>\t\t\t\t\t<\/a>\n\t\t\t\t<\/span>\n\t\t\t\t\t\t\t<span class=\"elementor-grid-item\" role=\"listitem\">\n\t\t\t\t\t<a class=\"elementor-icon elementor-social-icon elementor-social-icon-instagram elementor-animation-float elementor-repeater-item-60a36da\" href=\"https:\/\/www.instagram.com\/ministeriounamorsinfronteras\/\" target=\"_blank\">\n\t\t\t\t\t\t<span class=\"elementor-screen-only\">Instagram<\/span>\n\t\t\t\t\t\t<i aria-hidden=\"true\" class=\"fab fa-instagram\"><\/i>\t\t\t\t\t<\/a>\n\t\t\t\t<\/span>\n\t\t\t\t\t<\/div>\n\t\t\t\t\t\t<\/div>\n\t\t\t\t<\/div>\n\t\t\t\t\t<\/div>\n\t\t<\/div>\n\t\t\t\t\t<\/div>\n\t\t<\/section>\n\t\t\t\t<section class=\"elementor-section elementor-top-section elementor-element elementor-element-91ee179 elementor-section-boxed elementor-section-height-default elementor-section-height-default\" data-id=\"91ee179\" data-element_type=\"section\">\n\t\t\t\t\t\t<div class=\"elementor-container elementor-column-gap-default\">\n\t\t\t\t\t<div class=\"elementor-column elementor-col-100 elementor-top-column elementor-element elementor-element-8eb8254\" data-id=\"8eb8254\" data-element_type=\"column\">\n\t\t\t<div class=\"elementor-widget-wrap elementor-element-populated\">\n\t\t\t\t\t\t<div class=\"elementor-element elementor-element-fac4fea elementor-widget elementor-widget-heading\" data-id=\"fac4fea\" data-element_type=\"widget\" data-widget_type=\"heading.default\">\n\t\t\t\t<div class=\"elementor-widget-container\">\n\t\t\t\t\t<h2 class=\"elementor-heading-title elementor-size-default\">NOTICIAS DE FE<\/h2>\t\t\t\t<\/div>\n\t\t\t\t<\/div>\n\t\t\t\t<div class=\"elementor-element elementor-element-81eeb50 elementor-widget elementor-widget-ColorMag-Posts-Grid-5\" data-id=\"81eeb50\" data-element_type=\"widget\" data-widget_type=\"ColorMag-Posts-Grid-5.default\">\n\t\t\t\t<div class=\"elementor-widget-container\">\n\t\t\t\t\t\n        <div class=\"tg-module-grid tg-module-grid--style-5 tg-module-wrapper\">\n            \n            <div class=\"tg-row thinner\">\n                \n                    <div class=\"tg-col-control\">\n                        <div class=\"tg_module_grid tg_module_grid--small-medium\">\n                            \n                            <div class=\"tg-module-info\">\n                                <div class=\"tg-post-categories\"><a href=\"https:\/\/radiosinfronterasenvivo.com\/web\/index.php\/category\/noticias-de-fe\/\" class=\"tg-post-category\" rel=\"category tag\">NOTICIAS DE FE<\/a>&nbsp;<\/div>\t\t<h3 class=\"tg-module-title entry-title\">\n\t\t\t<a href=\"https:\/\/radiosinfronterasenvivo.com\/web\/index.php\/2023\/10\/03\/limpiando-los-aires-del-planeta\/\">LIMPIANDO LOS AIRES DEL PLANETA&#8230;<\/a>\n\t\t<\/h3>\n\t\t\n\t\t<div class=\"tg-module-meta\">\n\t\t\t\n\t\t\t<span class=\"tg-post-date entry-date\">\n\t\t\t\t<a href=\"https:\/\/radiosinfronterasenvivo.com\/web\/index.php\/2023\/10\/03\/limpiando-los-aires-del-planeta\/\" rel=\"bookmark\"><time class=\"entry-date published\" datetime=\"2023-10-03T15:50:08-03:00\">3 de octubre de 2023<\/time><time class=\"updated\" datetime=\"2023-10-03T15:50:09-03:00\">3 de octubre de 2023<\/time><\/a>\t\t\t<\/span>\n\n\t\t\t<span class=\"tg-post-auther-name author vcard\">\n\t\t\t\t<a class=\"url fn n\" href=\"https:\/\/radiosinfronterasenvivo.com\/web\/index.php\/author\/sergiorrandreassigmail-com\/\">sergiorrandreassi@gmail.com<\/a>\t\t\t<\/span>\n\n\t\t\t\t\t\t\t<span class=\"tg-module-comments\">\n\t\t\t\t\t<a href=\"https:\/\/radiosinfronterasenvivo.com\/web\/index.php\/2023\/10\/03\/limpiando-los-aires-del-planeta\/#respond\">0<\/a>\t\t\t\t<\/span>\n\t\t\t\t\t<\/div>\n\n\t\t                            <\/div>\n                        <\/div>\n                    <\/div>\n\n                \n                    <div class=\"tg-col-control\">\n                        <div class=\"tg_module_grid tg_module_grid--small-medium\">\n                                                            <figure class=\"tg-module-thumb\">\n                                    \t\t<a href=\"https:\/\/radiosinfronterasenvivo.com\/web\/index.php\/2023\/10\/03\/ahorrar-tiempo-es-mejor-calidad-de-vida\/\" class=\"tg-thumb-link\">\n\t\t\t<img loading=\"lazy\" decoding=\"async\" width=\"285\" height=\"259\" src=\"https:\/\/radiosinfronterasenvivo.com\/web\/wp-content\/uploads\/2020\/08\/bible-png-1-285x259.png\" class=\"attachment-colormag-elementor-grid-small-thumbnail size-colormag-elementor-grid-small-thumbnail wp-post-image\" alt=\"\" \/>\t\t<\/a>\n\t\t                                <\/figure>\n                            \n                            <div class=\"tg-module-info\">\n                                <div class=\"tg-post-categories\"><a href=\"https:\/\/radiosinfronterasenvivo.com\/web\/index.php\/category\/noticias-de-fe\/\" class=\"tg-post-category\" rel=\"category tag\">NOTICIAS DE FE<\/a>&nbsp;<a href=\"https:\/\/radiosinfronterasenvivo.com\/web\/index.php\/category\/promesas-de-dios\/\" class=\"tg-post-category\" rel=\"category tag\">PROMESAS DE DIOS<\/a>&nbsp;<\/div>\t\t<h3 class=\"tg-module-title entry-title\">\n\t\t\t<a href=\"https:\/\/radiosinfronterasenvivo.com\/web\/index.php\/2023\/10\/03\/ahorrar-tiempo-es-mejor-calidad-de-vida\/\">Ahorrar tiempo es mejor calidad de vida &#8230;<\/a>\n\t\t<\/h3>\n\t\t\n\t\t<div class=\"tg-module-meta\">\n\t\t\t\n\t\t\t<span class=\"tg-post-date entry-date\">\n\t\t\t\t<a href=\"https:\/\/radiosinfronterasenvivo.com\/web\/index.php\/2023\/10\/03\/ahorrar-tiempo-es-mejor-calidad-de-vida\/\" rel=\"bookmark\"><time class=\"entry-date published\" datetime=\"2023-10-03T15:28:25-03:00\">3 de octubre de 2023<\/time><time class=\"updated\" datetime=\"2023-10-03T15:37:15-03:00\">3 de octubre de 2023<\/time><\/a>\t\t\t<\/span>\n\n\t\t\t<span class=\"tg-post-auther-name author vcard\">\n\t\t\t\t<a class=\"url fn n\" href=\"https:\/\/radiosinfronterasenvivo.com\/web\/index.php\/author\/sergiorrandreassigmail-com\/\">sergiorrandreassi@gmail.com<\/a>\t\t\t<\/span>\n\n\t\t\t\t\t\t\t<span class=\"tg-module-comments\">\n\t\t\t\t\t<a href=\"https:\/\/radiosinfronterasenvivo.com\/web\/index.php\/2023\/10\/03\/ahorrar-tiempo-es-mejor-calidad-de-vida\/#respond\">0<\/a>\t\t\t\t<\/span>\n\t\t\t\t\t<\/div>\n\n\t\t                            <\/div>\n                        <\/div>\n                    <\/div>\n\n                            <\/div>\n        <\/div>\n\n        \t\t\t\t<\/div>\n\t\t\t\t<\/div>\n\t\t\t\t\t<\/div>\n\t\t<\/div>\n\t\t\t\t\t<\/div>\n\t\t<\/section>\n\t\t\t\t<section class=\"elementor-section elementor-top-section elementor-element elementor-element-c9fb924 elementor-section-boxed elementor-section-height-default elementor-section-height-default\" data-id=\"c9fb924\" data-element_type=\"section\">\n\t\t\t\t\t\t<div class=\"elementor-container elementor-column-gap-default\">\n\t\t\t\t\t<div class=\"elementor-column elementor-col-66 elementor-top-column elementor-element elementor-element-e6d81ad\" data-id=\"e6d81ad\" data-element_type=\"column\">\n\t\t\t<div class=\"elementor-widget-wrap elementor-element-populated\">\n\t\t\t\t\t\t<div class=\"elementor-element elementor-element-4257e45 elementor-widget elementor-widget-heading\" data-id=\"4257e45\" data-element_type=\"widget\" data-widget_type=\"heading.default\">\n\t\t\t\t<div class=\"elementor-widget-container\">\n\t\t\t\t\t<h2 class=\"elementor-heading-title elementor-size-default\">EVENTOS<\/h2>\t\t\t\t<\/div>\n\t\t\t\t<\/div>\n\t\t\t\t<div class=\"elementor-element elementor-element-0e4c3de elementor-widget elementor-widget-ColorMag-Posts-Block-1\" data-id=\"0e4c3de\" data-element_type=\"widget\" data-widget_type=\"ColorMag-Posts-Block-1.default\">\n\t\t\t\t<div class=\"elementor-widget-container\">\n\t\t\t\t\t\n\t\t<div class=\"tg-module-block tg-module-block--style-1 tg-module-wrapper\">\n\t\t\t\n\t\t\t<div class=\"tg-row\">\n\t\t\t\t\t\t\t<\/div>\n\t\t<\/div>\n\n\t\t\t\t\t\t<\/div>\n\t\t\t\t<\/div>\n\t\t\t\t\t<\/div>\n\t\t<\/div>\n\t\t\t\t<div class=\"elementor-column elementor-col-33 elementor-top-column elementor-element elementor-element-ced75a3\" data-id=\"ced75a3\" data-element_type=\"column\">\n\t\t\t<div class=\"elementor-widget-wrap elementor-element-populated\">\n\t\t\t\t\t\t<div class=\"elementor-element elementor-element-552391e elementor-widget elementor-widget-heading\" data-id=\"552391e\" data-element_type=\"widget\" data-widget_type=\"heading.default\">\n\t\t\t\t<div class=\"elementor-widget-container\">\n\t\t\t\t\t<h2 class=\"elementor-heading-title elementor-size-default\">SERVICIOS<\/h2>\t\t\t\t<\/div>\n\t\t\t\t<\/div>\n\t\t\t\t<div class=\"elementor-element elementor-element-df97944 elementor-widget elementor-widget-ColorMag-Posts-Block-6\" data-id=\"df97944\" data-element_type=\"widget\" data-widget_type=\"ColorMag-Posts-Block-6.default\">\n\t\t\t\t<div class=\"elementor-widget-container\">\n\t\t\t\t\t\n\t\t<div class=\"tg-module-block tg-module-block--style-6 tg-module-wrapper\">\n\t\t\t\n\t\t\t<div class=\"tg-row\">\n\t\t\t\t\t\t\t<\/div>\n\t\t<\/div>\n\n\t\t\t\t\t\t<\/div>\n\t\t\t\t<\/div>\n\t\t\t\t\t<\/div>\n\t\t<\/div>\n\t\t\t\t\t<\/div>\n\t\t<\/section>\n\t\t\t\t<\/div>\n\t\t","protected":false},"excerpt":{"rendered":"<p>FRASES MOTIVADORAS FRASES MOTIVADORAS&nbsp; El Fundamento de la Gracia , la ley. 2 de septiembre de 20202 de septiembre de<\/p>\n","protected":false},"author":1,"featured_media":0,"parent":0,"menu_order":0,"comment_status":"closed","ping_status":"closed","template":"page-templates\/page-builder.php","meta":{"colormag_page_layout":"no_sidebar_full_width","footnotes":""},"class_list":["post-10","page","type-page","status-publish","hentry"],"_links":{"self":[{"href":"https:\/\/radiosinfronterasenvivo.com\/web\/index.php\/wp-json\/wp\/v2\/pages\/10","targetHints":{"allow":["GET"]}}],"collection":[{"href":"https:\/\/radiosinfronterasenvivo.com\/web\/index.php\/wp-json\/wp\/v2\/pages"}],"about":[{"href":"https:\/\/radiosinfronterasenvivo.com\/web\/index.php\/wp-json\/wp\/v2\/types\/page"}],"author":[{"embeddable":true,"href":"https:\/\/radiosinfronterasenvivo.com\/web\/index.php\/wp-json\/wp\/v2\/users\/1"}],"replies":[{"embeddable":true,"href":"https:\/\/radiosinfronterasenvivo.com\/web\/index.php\/wp-json\/wp\/v2\/comments?post=10"}],"version-history":[{"count":21,"href":"https:\/\/radiosinfronterasenvivo.com\/web\/index.php\/wp-json\/wp\/v2\/pages\/10\/revisions"}],"predecessor-version":[{"id":628,"href":"https:\/\/radiosinfronterasenvivo.com\/web\/index.php\/wp-json\/wp\/v2\/pages\/10\/revisions\/628"}],"wp:attachment":[{"href":"https:\/\/radiosinfronterasenvivo.com\/web\/index.php\/wp-json\/wp\/v2\/media?parent=10"}],"curies":[{"name":"wp","href":"https:\/\/api.w.org\/{rel}","templated":true}]}}